{"id":77,"date":"2014-03-09T11:40:23","date_gmt":"2014-03-09T11:40:23","guid":{"rendered":"https:\/\/testi.vas-vtp.fi\/?page_id=77"},"modified":"2025-02-10T15:37:24","modified_gmt":"2025-02-10T13:37:24","slug":"verksamhet","status":"publish","type":"page","link":"https:\/\/testi.vas-vtp.fi\/?page_id=77","title":{"rendered":"Verksamhet"},"content":{"rendered":"<p><a href=\"https:\/\/testi.vas-vtp.fi\/?page_id=75\">H\u00e4nder 2025<\/a><\/p>\n<p><a href=\"sv\/?page_id=71\">Besiktning av b\u00e5tar<\/a><\/p>\n<p><a href=\"sv\/?page_id=73\">R\u00f6nnsk\u00e4rs utf\u00e4rdshamn<\/a><\/p>\n\n\n<p><\/p>\n","protected":false},"excerpt":{"rendered":"<p>H\u00e4nder 2025 Besiktning av b\u00e5tar R\u00f6nnsk\u00e4rs utf\u00e4rdshamn<\/p>\n","protected":false},"author":1,"featured_media":0,"parent":0,"menu_order":0,"comment_status":"closed","ping_status":"closed","template":"","meta":{"footnotes":""},"class_list":["post-77","page","type-page","status-publish","hentry"],"_links":{"self":[{"href":"https:\/\/testi.vas-vtp.fi\/index.php?rest_route=\/wp\/v2\/pages\/77","targetHints":{"allow":["GET"]}}],"collection":[{"href":"https:\/\/testi.vas-vtp.fi\/index.php?rest_route=\/wp\/v2\/pages"}],"about":[{"href":"https:\/\/testi.vas-vtp.fi\/index.php?rest_route=\/wp\/v2\/types\/page"}],"author":[{"embeddable":true,"href":"https:\/\/testi.vas-vtp.fi\/index.php?rest_route=\/wp\/v2\/users\/1"}],"replies":[{"embeddable":true,"href":"https:\/\/testi.vas-vtp.fi\/index.php?rest_route=%2Fwp%2Fv2%2Fcomments&post=77"}],"version-history":[{"count":6,"href":"https:\/\/testi.vas-vtp.fi\/index.php?rest_route=\/wp\/v2\/pages\/77\/revisions"}],"predecessor-version":[{"id":783,"href":"https:\/\/testi.vas-vtp.fi\/index.php?rest_route=\/wp\/v2\/pages\/77\/revisions\/783"}],"wp:attachment":[{"href":"https:\/\/testi.vas-vtp.fi\/index.php?rest_route=%2Fwp%2Fv2%2Fmedia&parent=77"}],"curies":[{"name":"wp","href":"https:\/\/api.w.org\/{rel}","templated":true}]}}