{"id":75,"date":"2014-03-09T11:39:24","date_gmt":"2014-03-09T11:39:24","guid":{"rendered":"https:\/\/testi.vas-vtp.fi\/?page_id=75"},"modified":"2025-02-10T14:37:48","modified_gmt":"2025-02-10T12:37:48","slug":"minneslista-2014","status":"publish","type":"page","link":"https:\/\/testi.vas-vtp.fi\/?page_id=75","title":{"rendered":"H\u00e4nder 2025"},"content":{"rendered":"<div class=\"table-responsive\"><table  style=\"width:100%; \"  class=\"easy-table easy-table-default \" border=\"0\">\n<tbody>\r\n<tr><td >1.2 &#8211; 15.5<\/td>\n<td >V\u00e5rm\u00f6te *)<\/td>\n<\/tr>\n\r\n<tr><td >1.5<\/td>\n<td >Flagghissning<\/td>\n<\/tr>\n\r\n<tr><td >1.5 &#8211; 30.6<\/td>\n<td >Besiktning av b\u00e5tar<\/td>\n<\/tr>\n\r\n<tr><td >2 &#8211; 15.5<\/td>\n<td >Sj\u00f6s\u00e4ttning I **)<\/td>\n<\/tr>\n\r\n<tr><td >16 &#8211; 31.5<\/td>\n<td >Sj\u00f6s\u00e4ttning II **)<\/td>\n<\/tr>\n\r\n<tr><td ><\/td>\n<td >Talko p\u00e5 R\u00f6nnsk\u00e4r *)<\/td>\n<\/tr>\n\r\n<tr><td >15 &#8211; 31.9<\/td>\n<td >B\u00e5tlyft I **)<\/td>\n<\/tr>\n\r\n<tr><td >1- 15.10<\/td>\n<td >B\u00e5tlyft II **)<\/td>\n<\/tr>\n\r\n<tr><td >15.10<\/td>\n<td >Flagghalning<\/td>\n<\/tr>\n\r\n<tr><td >15.10 &#8211; 15.12<\/td>\n<td > H\u00f6stm\u00f6te *)<\/td>\n<\/tr>\n\r\n<tr><td ><\/td>\n<td >*) Tidpunkten preciseras p\u00e5 s\u00e4llskapets webbplats<\/td>\n<\/tr>\n\r\n<tr><td ><\/td>\n<td >**) Exakt datum best\u00e4ms i deltagarnas WhatsApp-grupp<\/td>\n<\/tr>\n<\/tbody><\/table><\/div>\n","protected":false},"excerpt":{"rendered":"","protected":false},"author":1,"featured_media":0,"parent":0,"menu_order":0,"comment_status":"closed","ping_status":"closed","template":"","meta":{"footnotes":""},"class_list":["post-75","page","type-page","status-publish","hentry"],"_links":{"self":[{"href":"https:\/\/testi.vas-vtp.fi\/index.php?rest_route=\/wp\/v2\/pages\/75","targetHints":{"allow":["GET"]}}],"collection":[{"href":"https:\/\/testi.vas-vtp.fi\/index.php?rest_route=\/wp\/v2\/pages"}],"about":[{"href":"https:\/\/testi.vas-vtp.fi\/index.php?rest_route=\/wp\/v2\/types\/page"}],"author":[{"embeddable":true,"href":"https:\/\/testi.vas-vtp.fi\/index.php?rest_route=\/wp\/v2\/users\/1"}],"replies":[{"embeddable":true,"href":"https:\/\/testi.vas-vtp.fi\/index.php?rest_route=%2Fwp%2Fv2%2Fcomments&post=75"}],"version-history":[{"count":13,"href":"https:\/\/testi.vas-vtp.fi\/index.php?rest_route=\/wp\/v2\/pages\/75\/revisions"}],"predecessor-version":[{"id":775,"href":"https:\/\/testi.vas-vtp.fi\/index.php?rest_route=\/wp\/v2\/pages\/75\/revisions\/775"}],"wp:attachment":[{"href":"https:\/\/testi.vas-vtp.fi\/index.php?rest_route=%2Fwp%2Fv2%2Fmedia&parent=75"}],"curies":[{"name":"wp","href":"https:\/\/api.w.org\/{rel}","templated":true}]}}