{"id":73,"date":"2014-03-09T11:33:56","date_gmt":"2014-03-09T11:33:56","guid":{"rendered":"https:\/\/testi.vas-vtp.fi\/?page_id=73"},"modified":"2025-02-11T18:11:32","modified_gmt":"2025-02-11T16:11:32","slug":"ronnskars-utfardshamn","status":"publish","type":"page","link":"https:\/\/testi.vas-vtp.fi\/?page_id=73","title":{"rendered":"R\u00f6nnsk\u00e4rs utf\u00e4rdshamn"},"content":{"rendered":"<p>S\u00e4llskapet hyr bastubyggnaden och en bostadsstuga av Forststyrelsen. Bostadsstugan \u00e4r gemensam med Vasa Mototb\u00e5tsklubb. Utrymmena f\u00e5r anv\u00e4ndas fritt av s\u00e4llskapets medlemmar. Nyckeln till bostadsstugan kan l\u00e5nas av Bjarne Sj\u00f6berg, nyckeln till bastubyggnaden f\u00f6rvaras i bostadsstugan.<\/p>\n<p><a title=\"Lue lis\u00e4\u00e4\" href=\"http:\/\/www.utinaturen.fi\/sv\/ronnskarhyresstugor?inheritRedirect=true\" target=\"_blank\" rel=\"noopener\">L\u00e4s mera p\u00e5 Forststyrelsens R\u00f6nnsk\u00e4r-sida.<\/a><\/p>\n","protected":false},"excerpt":{"rendered":"<p>S\u00e4llskapet hyr bastubyggnaden och en bostadsstuga av Forststyrelsen. Bostadsstugan \u00e4r gemensam med Vasa Mototb\u00e5tsklubb. Utrymmena f\u00e5r anv\u00e4ndas fritt av s\u00e4llskapets medlemmar. Nyckeln till bostadsstugan kan l\u00e5nas av Bjarne Sj\u00f6berg, nyckeln till bastubyggnaden f\u00f6rvaras i bostadsstugan. L\u00e4s mera p\u00e5 Forststyrelsens R\u00f6nnsk\u00e4r-sida.<\/p>\n","protected":false},"author":1,"featured_media":0,"parent":0,"menu_order":0,"comment_status":"closed","ping_status":"closed","template":"","meta":{"footnotes":""},"class_list":["post-73","page","type-page","status-publish","hentry"],"_links":{"self":[{"href":"https:\/\/testi.vas-vtp.fi\/index.php?rest_route=\/wp\/v2\/pages\/73","targetHints":{"allow":["GET"]}}],"collection":[{"href":"https:\/\/testi.vas-vtp.fi\/index.php?rest_route=\/wp\/v2\/pages"}],"about":[{"href":"https:\/\/testi.vas-vtp.fi\/index.php?rest_route=\/wp\/v2\/types\/page"}],"author":[{"embeddable":true,"href":"https:\/\/testi.vas-vtp.fi\/index.php?rest_route=\/wp\/v2\/users\/1"}],"replies":[{"embeddable":true,"href":"https:\/\/testi.vas-vtp.fi\/index.php?rest_route=%2Fwp%2Fv2%2Fcomments&post=73"}],"version-history":[{"count":9,"href":"https:\/\/testi.vas-vtp.fi\/index.php?rest_route=\/wp\/v2\/pages\/73\/revisions"}],"predecessor-version":[{"id":784,"href":"https:\/\/testi.vas-vtp.fi\/index.php?rest_route=\/wp\/v2\/pages\/73\/revisions\/784"}],"wp:attachment":[{"href":"https:\/\/testi.vas-vtp.fi\/index.php?rest_route=%2Fwp%2Fv2%2Fmedia&parent=73"}],"curies":[{"name":"wp","href":"https:\/\/api.w.org\/{rel}","templated":true}]}}