{"id":65,"date":"2014-03-09T11:12:21","date_gmt":"2014-03-09T11:12:21","guid":{"rendered":"https:\/\/testi.vas-vtp.fi\/?page_id=65"},"modified":"2023-02-04T12:47:58","modified_gmt":"2023-02-04T10:47:58","slug":"beckholmen","status":"publish","type":"page","link":"https:\/\/testi.vas-vtp.fi\/?page_id=65","title":{"rendered":"Beckholmen"},"content":{"rendered":"<p>Ute p\u00e5 Beckholmen finns b\u00e5tplatser f\u00f6r st\u00f6rre b\u00e5tar. En pir har byggts norrut. Den fungerar samtidigt som v\u00e5gbrytare.<\/p>\n<p>Beckholmen fungerar ocks\u00e5 som domarf\u00e4ste vid de onsdagsseglingar som VAS-VTP arrangerar. Onsdagsseglingarna arrangeras tillsammans med de andra segelf\u00f6reningarna i Vasa och fungerar som Vasa m\u00e4sterskapst\u00e4vlingar.<\/p>\n\n\n<p><img loading=\"lazy\" decoding=\"async\" width=\"918\" height=\"660\" class=\"wp-image-716\" style=\"width: 918px;\" src=\"https:\/\/testi.vas-vtp.fi\/wp-content\/uploads\/2023\/02\/Venepaikat_pikisaari.jpg\" alt=\"\" srcset=\"https:\/\/testi.vas-vtp.fi\/wp-content\/uploads\/2023\/02\/Venepaikat_pikisaari.jpg 894w, https:\/\/testi.vas-vtp.fi\/wp-content\/uploads\/2023\/02\/Venepaikat_pikisaari-300x216.jpg 300w, https:\/\/testi.vas-vtp.fi\/wp-content\/uploads\/2023\/02\/Venepaikat_pikisaari-768x552.jpg 768w, https:\/\/testi.vas-vtp.fi\/wp-content\/uploads\/2023\/02\/Venepaikat_pikisaari-624x449.jpg 624w\" sizes=\"auto, (max-width: 918px) 100vw, 918px\" \/><\/p>\n","protected":false},"excerpt":{"rendered":"<p>Ute p\u00e5 Beckholmen finns b\u00e5tplatser f\u00f6r st\u00f6rre b\u00e5tar. En pir har byggts norrut. Den fungerar samtidigt som v\u00e5gbrytare. Beckholmen fungerar ocks\u00e5 som domarf\u00e4ste vid de onsdagsseglingar som VAS-VTP arrangerar. Onsdagsseglingarna arrangeras tillsammans med de andra segelf\u00f6reningarna i Vasa och fungerar som Vasa m\u00e4sterskapst\u00e4vlingar.<\/p>\n","protected":false},"author":1,"featured_media":0,"parent":0,"menu_order":0,"comment_status":"closed","ping_status":"closed","template":"","meta":{"footnotes":""},"class_list":["post-65","page","type-page","status-publish","hentry"],"_links":{"self":[{"href":"https:\/\/testi.vas-vtp.fi\/index.php?rest_route=\/wp\/v2\/pages\/65","targetHints":{"allow":["GET"]}}],"collection":[{"href":"https:\/\/testi.vas-vtp.fi\/index.php?rest_route=\/wp\/v2\/pages"}],"about":[{"href":"https:\/\/testi.vas-vtp.fi\/index.php?rest_route=\/wp\/v2\/types\/page"}],"author":[{"embeddable":true,"href":"https:\/\/testi.vas-vtp.fi\/index.php?rest_route=\/wp\/v2\/users\/1"}],"replies":[{"embeddable":true,"href":"https:\/\/testi.vas-vtp.fi\/index.php?rest_route=%2Fwp%2Fv2%2Fcomments&post=65"}],"version-history":[{"count":3,"href":"https:\/\/testi.vas-vtp.fi\/index.php?rest_route=\/wp\/v2\/pages\/65\/revisions"}],"predecessor-version":[{"id":718,"href":"https:\/\/testi.vas-vtp.fi\/index.php?rest_route=\/wp\/v2\/pages\/65\/revisions\/718"}],"wp:attachment":[{"href":"https:\/\/testi.vas-vtp.fi\/index.php?rest_route=%2Fwp%2Fv2%2Fmedia&parent=65"}],"curies":[{"name":"wp","href":"https:\/\/api.w.org\/{rel}","templated":true}]}}