{"id":24,"date":"2014-03-07T12:23:10","date_gmt":"2014-03-07T12:23:10","guid":{"rendered":"https:\/\/testi.vas-vtp.fi\/?page_id=24"},"modified":"2025-02-10T14:47:32","modified_gmt":"2025-02-10T12:47:32","slug":"maja","status":"publish","type":"page","link":"https:\/\/testi.vas-vtp.fi\/?page_id=24","title":{"rendered":"Maja"},"content":{"rendered":"<p>F\u00f6reningens klubbhus finns vid Br\u00e4nd\u00f6 sund. D\u00e4r ing\u00e5r en festsal med k\u00f6k, en vindsv\u00e5ning f\u00f6r f\u00f6rvaring av segel och dylikt. I gaveln som vetter mot stranden finns en terass f\u00f6r 30 personer. I festsalen finns tv\u00e5 biljardbord som anv\u00e4nds flitigt av medlemmarna.<\/p>\n<p>I \u00f6vre v\u00e5ningen finns ocks\u00e5 en l\u00e4genhet som fungerar som bostad \u00e5t s\u00e4llskapets \u201cmajamestari\u201d.<\/p>\n<p>Klubbhuset hyrs ut till f\u00f6retag och privatpersoner f\u00f6r olika festarrangemang.<\/p>\n<p>En privat f\u00f6retagare driver en marin br\u00e4nslestation vid f\u00f6reningens brygga.<\/p>\n\n\n<div class=\"wp-block-columns is-layout-flex wp-container-core-columns-is-layout-9d6595d7 wp-block-columns-is-layout-flex\">\n<div class=\"wp-block-column is-layout-flow wp-block-column-is-layout-flow\" style=\"flex-basis:33.33%\">\n<p><a href=\"https:\/\/testi.vas-vtp.fi\/?page_id=654\" data-type=\"page\" data-id=\"654\"><span class=\"has-inline-color has-blue-color\">Festsalen<\/span><\/a><\/p>\n<\/div>\n\n\n\n<div class=\"wp-block-column is-layout-flow wp-block-column-is-layout-flow\" style=\"flex-basis:33.33%\">\n<p class=\"has-blue-color has-text-color\"><a href=\"https:\/\/testi.vas-vtp.fi\/?page_id=112\" data-type=\"page\" data-id=\"112\">Uthyrning<\/a><\/p>\n<\/div>\n\n\n\n<div class=\"wp-block-column is-layout-flow wp-block-column-is-layout-flow\" style=\"flex-basis:33.33%\"><\/div>\n<\/div>\n\n\n\n<p><\/p>\n","protected":false},"excerpt":{"rendered":"<p>F\u00f6reningens klubbhus finns vid Br\u00e4nd\u00f6 sund. D\u00e4r ing\u00e5r en festsal med k\u00f6k, en vindsv\u00e5ning f\u00f6r f\u00f6rvaring av segel och dylikt. I gaveln som vetter mot stranden finns en terass f\u00f6r 30 personer. I festsalen finns tv\u00e5 biljardbord som anv\u00e4nds flitigt av medlemmarna. I \u00f6vre v\u00e5ningen finns ocks\u00e5 en l\u00e4genhet som fungerar som bostad \u00e5t s\u00e4llskapets [&hellip;]<\/p>\n","protected":false},"author":1,"featured_media":0,"parent":0,"menu_order":0,"comment_status":"closed","ping_status":"closed","template":"","meta":{"footnotes":""},"class_list":["post-24","page","type-page","status-publish","hentry"],"_links":{"self":[{"href":"https:\/\/testi.vas-vtp.fi\/index.php?rest_route=\/wp\/v2\/pages\/24","targetHints":{"allow":["GET"]}}],"collection":[{"href":"https:\/\/testi.vas-vtp.fi\/index.php?rest_route=\/wp\/v2\/pages"}],"about":[{"href":"https:\/\/testi.vas-vtp.fi\/index.php?rest_route=\/wp\/v2\/types\/page"}],"author":[{"embeddable":true,"href":"https:\/\/testi.vas-vtp.fi\/index.php?rest_route=\/wp\/v2\/users\/1"}],"replies":[{"embeddable":true,"href":"https:\/\/testi.vas-vtp.fi\/index.php?rest_route=%2Fwp%2Fv2%2Fcomments&post=24"}],"version-history":[{"count":8,"href":"https:\/\/testi.vas-vtp.fi\/index.php?rest_route=\/wp\/v2\/pages\/24\/revisions"}],"predecessor-version":[{"id":777,"href":"https:\/\/testi.vas-vtp.fi\/index.php?rest_route=\/wp\/v2\/pages\/24\/revisions\/777"}],"wp:attachment":[{"href":"https:\/\/testi.vas-vtp.fi\/index.php?rest_route=%2Fwp%2Fv2%2Fmedia&parent=24"}],"curies":[{"name":"wp","href":"https:\/\/api.w.org\/{rel}","templated":true}]}}