{"id":18,"date":"2014-03-07T12:16:43","date_gmt":"2014-03-07T12:16:43","guid":{"rendered":"https:\/\/testi.vas-vtp.fi\/?page_id=18"},"modified":"2014-03-11T14:31:13","modified_gmt":"2014-03-11T12:31:13","slug":"foreningens-funktionarer","status":"publish","type":"page","link":"https:\/\/testi.vas-vtp.fi\/?page_id=18","title":{"rendered":"F\u00f6reningen"},"content":{"rendered":"<p><a href=\"sv\/?page_id=31\">Styrelsen<\/a><br \/>\n<a href=\"sv\/?page_id=34\" >\u00d6vriga funktion\u00e4rer<\/a><br \/>\n<a href=\"sv\/?page_id=103\">F\u00f6reningens stadgar<\/a><br \/>\n<a href=\"sv\/?page_id=105\">Medlems- och \u00f6viga avgifter<\/a><\/p>\n","protected":false},"excerpt":{"rendered":"<p>Styrelsen \u00d6vriga funktion\u00e4rer F\u00f6reningens stadgar Medlems- och \u00f6viga avgifter<\/p>\n","protected":false},"author":1,"featured_media":0,"parent":0,"menu_order":0,"comment_status":"closed","ping_status":"closed","template":"","meta":{"footnotes":""},"class_list":["post-18","page","type-page","status-publish","hentry"],"_links":{"self":[{"href":"https:\/\/testi.vas-vtp.fi\/index.php?rest_route=\/wp\/v2\/pages\/18","targetHints":{"allow":["GET"]}}],"collection":[{"href":"https:\/\/testi.vas-vtp.fi\/index.php?rest_route=\/wp\/v2\/pages"}],"about":[{"href":"https:\/\/testi.vas-vtp.fi\/index.php?rest_route=\/wp\/v2\/types\/page"}],"author":[{"embeddable":true,"href":"https:\/\/testi.vas-vtp.fi\/index.php?rest_route=\/wp\/v2\/users\/1"}],"replies":[{"embeddable":true,"href":"https:\/\/testi.vas-vtp.fi\/index.php?rest_route=%2Fwp%2Fv2%2Fcomments&post=18"}],"version-history":[{"count":10,"href":"https:\/\/testi.vas-vtp.fi\/index.php?rest_route=\/wp\/v2\/pages\/18\/revisions"}],"predecessor-version":[{"id":128,"href":"https:\/\/testi.vas-vtp.fi\/index.php?rest_route=\/wp\/v2\/pages\/18\/revisions\/128"}],"wp:attachment":[{"href":"https:\/\/testi.vas-vtp.fi\/index.php?rest_route=%2Fwp%2Fv2%2Fmedia&parent=18"}],"curies":[{"name":"wp","href":"https:\/\/api.w.org\/{rel}","templated":true}]}}